{"id":113,"date":"2015-08-03T10:24:00","date_gmt":"2015-08-03T10:24:00","guid":{"rendered":"https:\/\/jra.abaae.pt\/plataforma\/?page_id=113"},"modified":"2022-11-09T10:19:44","modified_gmt":"2022-11-09T10:19:44","slug":"inscricao-professor-jra","status":"publish","type":"page","link":"https:\/\/jra.abaae.pt\/plataforma\/inscricoes-jra\/inscricao-professor-jra\/","title":{"rendered":"Inscri\u00e7\u00e3o Professor JRA"},"content":{"rendered":"","protected":false},"excerpt":{"rendered":"","protected":false},"author":1,"featured_media":0,"parent":98,"menu_order":1,"comment_status":"closed","ping_status":"closed","template":"","meta":{"footnotes":""},"class_list":["post-113","page","type-page","status-publish","hentry"],"yoast_head":"<!-- This site is optimized with the Yoast SEO plugin v27.4 - https:\/\/yoast.com\/product\/yoast-seo-wordpress\/ -->\n<title>Inscri\u00e7\u00e3o Professor JRA - Jovens Rep\u00f3rteres para o Ambiente<\/title>\n<meta name=\"robots\" content=\"index, follow, max-snippet:-1, max-image-preview:large, max-video-preview:-1\" \/>\n<link rel=\"canonical\" href=\"https:\/\/jra.abaae.pt\/plataforma\/inscricoes-jra\/inscricao-professor-jra\/\" \/>\n<script type=\"application\/ld+json\" class=\"yoast-schema-graph\">{\"@context\":\"https:\\\/\\\/schema.org\",\"@graph\":[{\"@type\":\"WebPage\",\"@id\":\"https:\\\/\\\/jra.abaae.pt\\\/plataforma\\\/inscricoes-jra\\\/inscricao-professor-jra\\\/\",\"url\":\"https:\\\/\\\/jra.abaae.pt\\\/plataforma\\\/inscricoes-jra\\\/inscricao-professor-jra\\\/\",\"name\":\"Inscri\u00e7\u00e3o Professor JRA - Jovens Rep\u00f3rteres para o Ambiente\",\"isPartOf\":{\"@id\":\"https:\\\/\\\/jra.abaae.pt\\\/plataforma\\\/#website\"},\"datePublished\":\"2015-08-03T10:24:00+00:00\",\"dateModified\":\"2022-11-09T10:19:44+00:00\",\"breadcrumb\":{\"@id\":\"https:\\\/\\\/jra.abaae.pt\\\/plataforma\\\/inscricoes-jra\\\/inscricao-professor-jra\\\/#breadcrumb\"},\"inLanguage\":\"en-US\",\"potentialAction\":[{\"@type\":\"ReadAction\",\"target\":[\"https:\\\/\\\/jra.abaae.pt\\\/plataforma\\\/inscricoes-jra\\\/inscricao-professor-jra\\\/\"]}]},{\"@type\":\"BreadcrumbList\",\"@id\":\"https:\\\/\\\/jra.abaae.pt\\\/plataforma\\\/inscricoes-jra\\\/inscricao-professor-jra\\\/#breadcrumb\",\"itemListElement\":[{\"@type\":\"ListItem\",\"position\":1,\"name\":\"Home\",\"item\":\"https:\\\/\\\/jra.abaae.pt\\\/plataforma\\\/\"},{\"@type\":\"ListItem\",\"position\":2,\"name\":\"Inscri\u00e7\u00f5es JRA\",\"item\":\"https:\\\/\\\/jra.abaae.pt\\\/plataforma\\\/inscricoes-jra\\\/\"},{\"@type\":\"ListItem\",\"position\":3,\"name\":\"Inscri\u00e7\u00e3o Professor JRA\"}]},{\"@type\":\"WebSite\",\"@id\":\"https:\\\/\\\/jra.abaae.pt\\\/plataforma\\\/#website\",\"url\":\"https:\\\/\\\/jra.abaae.pt\\\/plataforma\\\/\",\"name\":\"Jovens Rep\u00f3rteres para o Ambiente\",\"description\":\"Investiga\u00e7\u00e3o, ambiente, jornalismo, comunica\u00e7\u00e3o, internet\",\"publisher\":{\"@id\":\"https:\\\/\\\/jra.abaae.pt\\\/plataforma\\\/#organization\"},\"potentialAction\":[{\"@type\":\"SearchAction\",\"target\":{\"@type\":\"EntryPoint\",\"urlTemplate\":\"https:\\\/\\\/jra.abaae.pt\\\/plataforma\\\/?s={search_term_string}\"},\"query-input\":{\"@type\":\"PropertyValueSpecification\",\"valueRequired\":true,\"valueName\":\"search_term_string\"}}],\"inLanguage\":\"en-US\"},{\"@type\":\"Organization\",\"@id\":\"https:\\\/\\\/jra.abaae.pt\\\/plataforma\\\/#organization\",\"name\":\"Jovens Rep\u00f3rteres para o Ambiente\",\"url\":\"https:\\\/\\\/jra.abaae.pt\\\/plataforma\\\/\",\"logo\":{\"@type\":\"ImageObject\",\"inLanguage\":\"en-US\",\"@id\":\"https:\\\/\\\/jra.abaae.pt\\\/plataforma\\\/#\\\/schema\\\/logo\\\/image\\\/\",\"url\":\"https:\\\/\\\/jra.abaae.pt\\\/plataforma\\\/wp-content\\\/uploads\\\/2020\\\/11\\\/jra-logo.png\",\"contentUrl\":\"https:\\\/\\\/jra.abaae.pt\\\/plataforma\\\/wp-content\\\/uploads\\\/2020\\\/11\\\/jra-logo.png\",\"width\":512,\"height\":512,\"caption\":\"Jovens Rep\u00f3rteres para o Ambiente\"},\"image\":{\"@id\":\"https:\\\/\\\/jra.abaae.pt\\\/plataforma\\\/#\\\/schema\\\/logo\\\/image\\\/\"},\"sameAs\":[\"https:\\\/\\\/www.facebook.com\\\/jraportugal\",\"https:\\\/\\\/x.com\\\/yreportugal\",\"https:\\\/\\\/www.instagram.com\\\/jovens_reporteres\\\/\"]}]}<\/script>\n<!-- \/ Yoast SEO plugin. -->","yoast_head_json":{"title":"Inscri\u00e7\u00e3o Professor JRA - Jovens Rep\u00f3rteres para o Ambiente","robots":{"index":"index","follow":"follow","max-snippet":"max-snippet:-1","max-image-preview":"max-image-preview:large","max-video-preview":"max-video-preview:-1"},"canonical":"https:\/\/jra.abaae.pt\/plataforma\/inscricoes-jra\/inscricao-professor-jra\/","schema":{"@context":"https:\/\/schema.org","@graph":[{"@type":"WebPage","@id":"https:\/\/jra.abaae.pt\/plataforma\/inscricoes-jra\/inscricao-professor-jra\/","url":"https:\/\/jra.abaae.pt\/plataforma\/inscricoes-jra\/inscricao-professor-jra\/","name":"Inscri\u00e7\u00e3o Professor JRA - Jovens Rep\u00f3rteres para o Ambiente","isPartOf":{"@id":"https:\/\/jra.abaae.pt\/plataforma\/#website"},"datePublished":"2015-08-03T10:24:00+00:00","dateModified":"2022-11-09T10:19:44+00:00","breadcrumb":{"@id":"https:\/\/jra.abaae.pt\/plataforma\/inscricoes-jra\/inscricao-professor-jra\/#breadcrumb"},"inLanguage":"en-US","potentialAction":[{"@type":"ReadAction","target":["https:\/\/jra.abaae.pt\/plataforma\/inscricoes-jra\/inscricao-professor-jra\/"]}]},{"@type":"BreadcrumbList","@id":"https:\/\/jra.abaae.pt\/plataforma\/inscricoes-jra\/inscricao-professor-jra\/#breadcrumb","itemListElement":[{"@type":"ListItem","position":1,"name":"Home","item":"https:\/\/jra.abaae.pt\/plataforma\/"},{"@type":"ListItem","position":2,"name":"Inscri\u00e7\u00f5es JRA","item":"https:\/\/jra.abaae.pt\/plataforma\/inscricoes-jra\/"},{"@type":"ListItem","position":3,"name":"Inscri\u00e7\u00e3o Professor JRA"}]},{"@type":"WebSite","@id":"https:\/\/jra.abaae.pt\/plataforma\/#website","url":"https:\/\/jra.abaae.pt\/plataforma\/","name":"Jovens Rep\u00f3rteres para o Ambiente","description":"Investiga\u00e7\u00e3o, ambiente, jornalismo, comunica\u00e7\u00e3o, internet","publisher":{"@id":"https:\/\/jra.abaae.pt\/plataforma\/#organization"},"potentialAction":[{"@type":"SearchAction","target":{"@type":"EntryPoint","urlTemplate":"https:\/\/jra.abaae.pt\/plataforma\/?s={search_term_string}"},"query-input":{"@type":"PropertyValueSpecification","valueRequired":true,"valueName":"search_term_string"}}],"inLanguage":"en-US"},{"@type":"Organization","@id":"https:\/\/jra.abaae.pt\/plataforma\/#organization","name":"Jovens Rep\u00f3rteres para o Ambiente","url":"https:\/\/jra.abaae.pt\/plataforma\/","logo":{"@type":"ImageObject","inLanguage":"en-US","@id":"https:\/\/jra.abaae.pt\/plataforma\/#\/schema\/logo\/image\/","url":"https:\/\/jra.abaae.pt\/plataforma\/wp-content\/uploads\/2020\/11\/jra-logo.png","contentUrl":"https:\/\/jra.abaae.pt\/plataforma\/wp-content\/uploads\/2020\/11\/jra-logo.png","width":512,"height":512,"caption":"Jovens Rep\u00f3rteres para o Ambiente"},"image":{"@id":"https:\/\/jra.abaae.pt\/plataforma\/#\/schema\/logo\/image\/"},"sameAs":["https:\/\/www.facebook.com\/jraportugal","https:\/\/x.com\/yreportugal","https:\/\/www.instagram.com\/jovens_reporteres\/"]}]}},"jetpack_sharing_enabled":true,"_links":{"self":[{"href":"https:\/\/jra.abaae.pt\/plataforma\/wp-json\/wp\/v2\/pages\/113","targetHints":{"allow":["GET"]}}],"collection":[{"href":"https:\/\/jra.abaae.pt\/plataforma\/wp-json\/wp\/v2\/pages"}],"about":[{"href":"https:\/\/jra.abaae.pt\/plataforma\/wp-json\/wp\/v2\/types\/page"}],"author":[{"embeddable":true,"href":"https:\/\/jra.abaae.pt\/plataforma\/wp-json\/wp\/v2\/users\/1"}],"replies":[{"embeddable":true,"href":"https:\/\/jra.abaae.pt\/plataforma\/wp-json\/wp\/v2\/comments?post=113"}],"version-history":[{"count":1,"href":"https:\/\/jra.abaae.pt\/plataforma\/wp-json\/wp\/v2\/pages\/113\/revisions"}],"predecessor-version":[{"id":20512,"href":"https:\/\/jra.abaae.pt\/plataforma\/wp-json\/wp\/v2\/pages\/113\/revisions\/20512"}],"up":[{"embeddable":true,"href":"https:\/\/jra.abaae.pt\/plataforma\/wp-json\/wp\/v2\/pages\/98"}],"wp:attachment":[{"href":"https:\/\/jra.abaae.pt\/plataforma\/wp-json\/wp\/v2\/media?parent=113"}],"curies":[{"name":"wp","href":"https:\/\/api.w.org\/{rel}","templated":true}]}}